{"id":672,"date":"2019-12-18T08:43:19","date_gmt":"2019-12-18T07:43:19","guid":{"rendered":"http:\/\/original.eleusal.com\/?page_id=672"},"modified":"2022-06-24T11:05:27","modified_gmt":"2022-06-24T09:05:27","slug":"the-school","status":"publish","type":"page","link":"https:\/\/chengdu-dev.eleusal.com\/es\/the-school\/","title":{"rendered":"Escuela"},"content":{"rendered":"<p>[vc_row css_animation=\u00bb\u00bb row_type=\u00bbrow\u00bb use_row_as_full_screen_section=\u00bbno\u00bb type=\u00bbfull_width\u00bb angled_section=\u00bbno\u00bb text_align=\u00bbleft\u00bb background_image_as_pattern=\u00bbwithout_pattern\u00bb][vc_column][vc_empty_space height=\u00bb100px\u00bb][\/vc_column][\/vc_row][vc_row css_animation=\u00bb\u00bb row_type=\u00bbrow\u00bb use_row_as_full_screen_section=\u00bbno\u00bb type=\u00bbgrid\u00bb angled_section=\u00bbno\u00bb text_align=\u00bbleft\u00bb background_image_as_pattern=\u00bbwithout_pattern\u00bb z_index=\u00bb\u00bb][vc_column width=\u00bb1\/6&#8243;][\/vc_column][vc_column width=\u00bb2\/3&#8243;][vc_column_text]<\/p>\n<p style=\"text-align: center\"><strong>La Escuela de Espa\u00f1ol de la Universidad de Salamanca en Chengdu fue establecida conjuntamente por la Escuela de Espa\u00f1ol de la Universidad de Salamanca y el Colegio Tianfu de la Universidad de Finanzas y Econom\u00eda del Sudoeste, con el objetivo de difundir el espa\u00f1ol y cultivar pa\u00edses y sociedades de habla hispana y social para el Plan Estrat\u00e9gico de China. Talento integral de la cultura. La Escuela de Espa\u00f1ol de la Universidad de Salamanca se encuentra en Chengdu, para que la Universidad de Guangxi pueda disfrutar de 800 a\u00f1os de educaci\u00f3n y recursos de ense\u00f1anza en espa\u00f1ol sin salir de casa.<\/strong><\/p>\n<p>&nbsp;<\/p>\n<p style=\"text-align: center\"><strong>La universidad organiza estrictamente la ense\u00f1anza de acuerdo con los est\u00e1ndares de la Comisi\u00f3n Europea de Educaci\u00f3n sobre el espa\u00f1ol y los est\u00e1ndares de la Universidad de Salamanca. Usando los libros de texto originales en espa\u00f1ol, los estudiantes recibir\u00e1n un certificado autorizado de nivel de espa\u00f1ol emitido por la Universidad de Salamanca para aprobar el mundo. . La universidad est\u00e1 autorizada por la Universidad de Salamanca para proporcionar certificados oficiales DELE (Diploma de espa\u00f1ol en lenguas extranjeras), SIELE (Sistema internacional de evaluaci\u00f3n del idioma espa\u00f1ol) y ex\u00e1menes esPro.<\/strong><\/p>\n<p>&nbsp;<\/p>\n<p><img loading=\"lazy\" decoding=\"async\" class=\"aligncenter wp-image-1406\" src=\"http:\/\/chengdu-dev.eleusal.com\/wp-content\/uploads\/sites\/27\/2021\/03\/\u56fe\u724710-300x161.png\" alt=\"\" width=\"600\" height=\"322\" srcset=\"https:\/\/chengdu-dev.eleusal.com\/wp-content\/uploads\/sites\/27\/2021\/03\/\u56fe\u724710-300x161.png 300w, https:\/\/chengdu-dev.eleusal.com\/wp-content\/uploads\/sites\/27\/2021\/03\/\u56fe\u724710-768x413.png 768w, https:\/\/chengdu-dev.eleusal.com\/wp-content\/uploads\/sites\/27\/2021\/03\/\u56fe\u724710-700x376.png 700w, https:\/\/chengdu-dev.eleusal.com\/wp-content\/uploads\/sites\/27\/2021\/03\/\u56fe\u724710-600x322.png 600w, https:\/\/chengdu-dev.eleusal.com\/wp-content\/uploads\/sites\/27\/2021\/03\/\u56fe\u724710.png 862w\" sizes=\"auto, (max-width: 600px) 100vw, 600px\" \/><\/p>\n<p>&nbsp;<\/p>\n<p style=\"text-align: center\"><strong>La Universidad de Salamanca, fundada en 1218, es la universidad nacional m\u00e1s antigua de Espa\u00f1a y una de las instituciones de educaci\u00f3n superior m\u00e1s antiguas del mundo. Es lo mismo que la Universidad de Par\u00eds, la Universidad de Oxford y la Universidad de Bolonia (Italia), y es conocida como las cuatro universidades m\u00e1s importantes de Europa. La escuela se especializa en humanidades y ciencias sociales, y su fortaleza en otros campos como las ciencias naturales no puede subestimarse. Fue galardonado con el t\u00edtulo de Patrimonio Cultural Mundial por las Naciones Unidas en 1988. \u00a1La larga historia y la profunda acumulaci\u00f3n cultural son, sin duda, las principales caracter\u00edsticas de la Universidad de Salamanca!<\/strong><\/p>\n<p>&nbsp;<\/p>\n<p><img loading=\"lazy\" decoding=\"async\" class=\"aligncenter wp-image-1409\" src=\"http:\/\/chengdu-dev.eleusal.com\/wp-content\/uploads\/sites\/27\/2021\/03\/\u56fe\u72479-300x216.png\" alt=\"\" width=\"600\" height=\"432\" srcset=\"https:\/\/chengdu-dev.eleusal.com\/wp-content\/uploads\/sites\/27\/2021\/03\/\u56fe\u72479-300x216.png 300w, https:\/\/chengdu-dev.eleusal.com\/wp-content\/uploads\/sites\/27\/2021\/03\/\u56fe\u72479-768x553.png 768w, https:\/\/chengdu-dev.eleusal.com\/wp-content\/uploads\/sites\/27\/2021\/03\/\u56fe\u72479-700x504.png 700w, https:\/\/chengdu-dev.eleusal.com\/wp-content\/uploads\/sites\/27\/2021\/03\/\u56fe\u72479-600x432.png 600w, https:\/\/chengdu-dev.eleusal.com\/wp-content\/uploads\/sites\/27\/2021\/03\/\u56fe\u72479.png 850w\" sizes=\"auto, (max-width: 600px) 100vw, 600px\" \/><\/p>\n<p>&nbsp;<\/p>\n<p style=\"text-align: center\"><strong>La Universidad de Salamanca es responsable de la educaci\u00f3n y promoci\u00f3n del espa\u00f1ol. Cuenta con m\u00e1s de 30 a\u00f1os de experiencia en la ense\u00f1anza del espa\u00f1ol. Ofrece cursos de lengua y cultura espa\u00f1ola en todos los niveles. Puede hacer que los estudiantes dominen el espa\u00f1ol y cumplan con los requisitos de los estudiantes universitarios. Nivel.<\/strong><\/p>\n<p>&nbsp;<\/p>\n<p style=\"text-align: center\"><strong>Al mismo tiempo, la Universidad de Salamanca fue aprobada oficialmente por el gobierno espa\u00f1ol y fue responsable de la formulaci\u00f3n y modificaci\u00f3n de la prueba de dominio del espa\u00f1ol (prueba DELE). Incluyendo: Certificado Junior (CIE), Diploma Intermedio (DBE), Diploma Avanzado (DSE). Los diversos cursos de espa\u00f1ol de la Universidad de Salamanca son cursos intensivos de idiomas dise\u00f1ados para que los estudiantes extranjeros aprendan espa\u00f1ol y su cultura.<\/strong><\/p>\n<p>&nbsp;<\/p>\n<p style=\"text-align: center\"><strong>En 1989, la Universidad de Salamanca y la Universidad de Cambridge establecieron la Asociaci\u00f3n Europea de Examen de Idiomas. Al mismo tiempo, los materiales de ense\u00f1anza y los ex\u00e1menes de nivel del Colegio Cervantes (similar al Instituto Confucio en China) en todo el mundo, dirigido por el gobierno espa\u00f1ol, son manejados por la Universidad de Salamanca.<\/strong><\/p>\n<p>[\/vc_column_text][\/vc_column][vc_column width=\u00bb1\/6&#8243;][\/vc_column][\/vc_row][vc_row css_animation=\u00bb\u00bb row_type=\u00bbrow\u00bb use_row_as_full_screen_section=\u00bbno\u00bb type=\u00bbgrid\u00bb angled_section=\u00bbno\u00bb text_align=\u00bbleft\u00bb background_image_as_pattern=\u00bbwithout_pattern\u00bb padding_top=\u00bb90&#8243; padding_bottom=\u00bb90&#8243; z_index=\u00bb\u00bb][vc_column][vc_column_text]<\/p>\n<h3 style=\"text-align: center\">Our team<\/h3>\n<p>[\/vc_column_text]<div class=\"qode-instructor-list-holder qode-normal-space qode-tl-two-columns\">\n\t<div class=\"qode-tl-inner qode-outer-space\" data-number-of-items=\"2\" data-enable-navigation=\"no\" data-enable-pagination=\"no\">\n\t\t<div class=\"qode-instructor qode-item-space info-bellow\">\n\t<div class=\"qode-instructor-inner\">\n\t\t\t\t\t<div class=\"qode-instructor-image\">\n\t\t\t\t<a itemprop=\"url\" href=\"https:\/\/chengdu-dev.eleusal.com\/es\/instructor\/zhangzhenting\/\">\n\t\t\t\t\t<img loading=\"lazy\" decoding=\"async\" width=\"150\" height=\"150\" src=\"https:\/\/chengdu-dev.eleusal.com\/wp-content\/uploads\/sites\/27\/2018\/04\/hou-150x150.png\" class=\"attachment-thumbnail size-thumbnail wp-post-image\" alt=\"\" srcset=\"https:\/\/chengdu-dev.eleusal.com\/wp-content\/uploads\/sites\/27\/2018\/04\/hou-150x150.png 150w, https:\/\/chengdu-dev.eleusal.com\/wp-content\/uploads\/sites\/27\/2018\/04\/hou-100x100.png 100w\" sizes=\"auto, (max-width: 150px) 100vw, 150px\" \/>\t\t\t\t<\/a>\n\t\t\t<\/div>\n\t\t\t\t<div class=\"qode-instructor-info\">\n\t\t\t<div class=\"qode-instructor-title-holder\">\n\t\t\t\t<h4 itemprop=\"name\" class=\"qode-instructor-name entry-title\">\n\t\t\t\t\t<a itemprop=\"url\" href=\"https:\/\/chengdu-dev.eleusal.com\/es\/instructor\/zhangzhenting\/\">Hou Guanghai<\/a>\n\t\t\t\t<\/h4>\n\t\t\t\t\n\t\t\t\t\t\t\t<\/div>\n\t\t\t\t\t\t\t<div class=\"qode-instructor-text\">\n\t\t\t\t\t<div class=\"qode-instructor-text-inner\">\n\t\t\t\t\t\t<div class=\"qode-instructor-description\">\n\t\t\t\t\t\t\t<p itemprop=\"description\" class=\"qode-instructor-excerpt\">[vc_row css_animation=\u00bb\u00bb row_type=\u00bbrow\u00bb use_row_as_full_screen_section=\u00bbno\u00bb type=\u00bbfull_width\u00bb angled_section=\u00bbno\u00bb text_align=\u00bbleft\u00bb background_image_as_pattern=\u00bbwithout_pattern\u00bb z_index=\u00bb\u00bb][vc_column][qode_elements_holder number_of_columns=\u00bbone_column\u00bb][qode_elements_holder_item advanced_animations=\u00bbno\u00bb item_padding=\u00bb0px 29px 0 17px\u00bb][vc_separator type=\u00bbtransparent\u00bb up=\u00bb-15&#8243;][vc_column_text]2019: Doctorado en ling\u00fc\u00edstica, literatura y traducci\u00f3n en la Universidad de M\u00e1laga, Espa\u00f1a 2015: Formaci\u00f3n ocupacional para doctorado en la Universidad de Queensland, Australia 2012: M\u00e1ster en Ciencias de...<\/p>\n\t\t\t\t\t\t<\/div>\n\t\t\t\t\t<\/div>\n\t\t\t\t<\/div>\n\t\t\t\t\t\t<div class=\"qode-instructor-social-holder-between\">\n\t\t\t\t<div class=\"qode-instructor-social\">\n\t\t\t\t\t<div class=\"qode-instructor-social-inner\">\n\t\t\t\t\t\t<div class=\"qode-instructor-social-wrapp\">\n\t\t\t\t\t\t\t\t\t\t\t\t\t<\/div>\n\t\t\t\t\t<\/div>\n\t\t\t\t<\/div>\n\t\t\t<\/div>\n\t\t<\/div>\n\t<\/div>\n<\/div><div class=\"qode-instructor qode-item-space info-bellow\">\n\t<div class=\"qode-instructor-inner\">\n\t\t\t\t\t<div class=\"qode-instructor-image\">\n\t\t\t\t<a itemprop=\"url\" href=\"https:\/\/chengdu-dev.eleusal.com\/es\/instructor\/zhang-xuan\/\">\n\t\t\t\t\t<img loading=\"lazy\" decoding=\"async\" width=\"150\" height=\"150\" src=\"https:\/\/chengdu-dev.eleusal.com\/wp-content\/uploads\/sites\/27\/2019\/08\/zhangxuan-150x150.jpg\" class=\"attachment-thumbnail size-thumbnail wp-post-image\" alt=\"\" srcset=\"https:\/\/chengdu-dev.eleusal.com\/wp-content\/uploads\/sites\/27\/2019\/08\/zhangxuan-150x150.jpg 150w, https:\/\/chengdu-dev.eleusal.com\/wp-content\/uploads\/sites\/27\/2019\/08\/zhangxuan-100x100.jpg 100w\" sizes=\"auto, (max-width: 150px) 100vw, 150px\" \/>\t\t\t\t<\/a>\n\t\t\t<\/div>\n\t\t\t\t<div class=\"qode-instructor-info\">\n\t\t\t<div class=\"qode-instructor-title-holder\">\n\t\t\t\t<h4 itemprop=\"name\" class=\"qode-instructor-name entry-title\">\n\t\t\t\t\t<a itemprop=\"url\" href=\"https:\/\/chengdu-dev.eleusal.com\/es\/instructor\/zhang-xuan\/\">Zhang Xuan<\/a>\n\t\t\t\t<\/h4>\n\t\t\t\t\n\t\t\t\t\t\t\t<\/div>\n\t\t\t\t\t\t\t<div class=\"qode-instructor-text\">\n\t\t\t\t\t<div class=\"qode-instructor-text-inner\">\n\t\t\t\t\t\t<div class=\"qode-instructor-description\">\n\t\t\t\t\t\t\t<p itemprop=\"description\" class=\"qode-instructor-excerpt\">[vc_row css_animation=\u00bb\u00bb row_type=\u00bbrow\u00bb use_row_as_full_screen_section=\u00bbno\u00bb type=\u00bbfull_width\u00bb angled_section=\u00bbno\u00bb text_align=\u00bbleft\u00bb background_image_as_pattern=\u00bbwithout_pattern\u00bb z_index=\u00bb\u00bb][vc_column][qode_elements_holder number_of_columns=\u00bbone_column\u00bb][qode_elements_holder_item advanced_animations=\u00bbno\u00bb item_padding=\u00bb0px 29px 0 17px\u00bb][vc_separator type=\u00bbtransparent\u00bb up=\u00bb-15&#8243;][vc_column_text]Escuela de M\u00fasica de Sichuan. M\u00e1ster Gesti\u00f3n de Centro Educativo de la universidad Rey Juan Carlos en Espa\u00f1a DELE B2[\/vc_column_text][vc_empty_space height=\u00bb14px\u00bb][vc_empty_space height=\u00bb43px\u00bb][\/qode_elements_holder_item][\/qode_elements_holder][\/vc_column][\/vc_row]<\/p>\n\t\t\t\t\t\t<\/div>\n\t\t\t\t\t<\/div>\n\t\t\t\t<\/div>\n\t\t\t\t\t\t<div class=\"qode-instructor-social-holder-between\">\n\t\t\t\t<div class=\"qode-instructor-social\">\n\t\t\t\t\t<div class=\"qode-instructor-social-inner\">\n\t\t\t\t\t\t<div class=\"qode-instructor-social-wrapp\">\n\t\t\t\t\t\t\t\t\t\t\t\t\t<\/div>\n\t\t\t\t\t<\/div>\n\t\t\t\t<\/div>\n\t\t\t<\/div>\n\t\t<\/div>\n\t<\/div>\n<\/div>\t<\/div>\n<\/div>[\/vc_column][\/vc_row]<\/p>\n","protected":false},"excerpt":{"rendered":"<p>[vc_row css_animation=\u00bb\u00bb row_type=\u00bbrow\u00bb use_row_as_full_screen_section=\u00bbno\u00bb type=\u00bbfull_width\u00bb angled_section=\u00bbno\u00bb text_align=\u00bbleft\u00bb background_image_as_pattern=\u00bbwithout_pattern\u00bb][vc_column][vc_empty_space height=\u00bb100px\u00bb][\/vc_column][\/vc_row][vc_row css_animation=\u00bb\u00bb row_type=\u00bbrow\u00bb use_row_as_full_screen_section=\u00bbno\u00bb type=\u00bbgrid\u00bb angled_section=\u00bbno\u00bb text_align=\u00bbleft\u00bb background_image_as_pattern=\u00bbwithout_pattern\u00bb z_index=\u00bb\u00bb][vc_column width=\u00bb1\/6&#8243;][\/vc_column][vc_column width=\u00bb2\/3&#8243;][vc_column_text] La Escuela de Espa\u00f1ol de la Universidad de Salamanca en Chengdu fue establecida conjuntamente por la Escuela de Espa\u00f1ol de la Universidad de Salamanca y el&#8230;<\/p>\n","protected":false},"author":1,"featured_media":0,"parent":0,"menu_order":0,"comment_status":"closed","ping_status":"closed","template":"full_width.php","meta":{"footnotes":""},"class_list":["post-672","page","type-page","status-publish","hentry"],"_links":{"self":[{"href":"https:\/\/chengdu-dev.eleusal.com\/es\/wp-json\/wp\/v2\/pages\/672","targetHints":{"allow":["GET"]}}],"collection":[{"href":"https:\/\/chengdu-dev.eleusal.com\/es\/wp-json\/wp\/v2\/pages"}],"about":[{"href":"https:\/\/chengdu-dev.eleusal.com\/es\/wp-json\/wp\/v2\/types\/page"}],"author":[{"embeddable":true,"href":"https:\/\/chengdu-dev.eleusal.com\/es\/wp-json\/wp\/v2\/users\/1"}],"replies":[{"embeddable":true,"href":"https:\/\/chengdu-dev.eleusal.com\/es\/wp-json\/wp\/v2\/comments?post=672"}],"version-history":[{"count":23,"href":"https:\/\/chengdu-dev.eleusal.com\/es\/wp-json\/wp\/v2\/pages\/672\/revisions"}],"predecessor-version":[{"id":1473,"href":"https:\/\/chengdu-dev.eleusal.com\/es\/wp-json\/wp\/v2\/pages\/672\/revisions\/1473"}],"wp:attachment":[{"href":"https:\/\/chengdu-dev.eleusal.com\/es\/wp-json\/wp\/v2\/media?parent=672"}],"curies":[{"name":"wp","href":"https:\/\/api.w.org\/{rel}","templated":true}]}}