{"id":726,"date":"2019-12-18T02:57:50","date_gmt":"2019-12-18T01:57:50","guid":{"rendered":"http:\/\/original.eleusal.com\/?page_id=726"},"modified":"2019-12-20T08:21:04","modified_gmt":"2019-12-20T07:21:04","slug":"courses","status":"publish","type":"page","link":"https:\/\/chengdu-dev.eleusal.com\/es\/courses\/","title":{"rendered":"Cursos"},"content":{"rendered":"<p>[vc_row css_animation=\u00bb\u00bb row_type=\u00bbrow\u00bb use_row_as_full_screen_section=\u00bbno\u00bb type=\u00bbfull_width\u00bb angled_section=\u00bbno\u00bb text_align=\u00bbleft\u00bb background_image_as_pattern=\u00bbwithout_pattern\u00bb][vc_column]<div class=\"qode-course-list-holder qode-cl-gallery qode-large-space qode-cl-three-columns qode-cl-standard qode-cl-pag-no-pagination     \"  data-space-between-items=\"large\" data-number-of-items=\"-1\" data-enable-image=\"yes\" data-image-proportions=\"full\" data-orderby=\"date\" data-order=\"ASC\" data-item-layout=\"standard\" data-enable-title=\"yes\" data-title-tag=\"h5\" data-enable-instructor=\"yes\" data-enable-price=\"yes\" data-enable-excerpt=\"yes\" data-excerpt-length=\"60\" data-enable-students=\"yes\" data-enable-category=\"yes\" data-pagination-type=\"no-pagination\" data-filter=\"no\" data-enable-article-animation=\"no\" data-course-slider-on=\"no\" data-enable-loop=\"yes\" data-enable-autoplay=\"yes\" data-slider-speed=\"5000\" data-slider-speed-animation=\"600\" data-enable-navigation=\"yes\" data-enable-pagination=\"yes\" data-widget=\"no\" data-max-num-pages=\"0\" data-next-page=\"2\">\n\t\t<div class=\"qode-cl-inner qode-outer-space  clearfix\">\n\t\t<article class=\"qode-cl-item qode-item-space post-1251 course type-course status-publish has-post-thumbnail hentry\"  data-name=taller-de-espa\u00d1ol-para-ni\u00d1os-de-4-a-7-a\u00d1os data-date=>\n\t<div class=\"qode-cl-item-inner\">\n\t\t<div class=\"qode-cli-image\">\n\t\t\t<img loading=\"lazy\" decoding=\"async\" width=\"849\" height=\"565\" src=\"https:\/\/chengdu-dev.eleusal.com\/wp-content\/uploads\/sites\/27\/2020\/07\/ertong.png\" class=\"attachment-full size-full wp-post-image\" alt=\"\" srcset=\"https:\/\/chengdu-dev.eleusal.com\/wp-content\/uploads\/sites\/27\/2020\/07\/ertong.png 849w, https:\/\/chengdu-dev.eleusal.com\/wp-content\/uploads\/sites\/27\/2020\/07\/ertong-300x200.png 300w, https:\/\/chengdu-dev.eleusal.com\/wp-content\/uploads\/sites\/27\/2020\/07\/ertong-768x511.png 768w, https:\/\/chengdu-dev.eleusal.com\/wp-content\/uploads\/sites\/27\/2020\/07\/ertong-700x466.png 700w, https:\/\/chengdu-dev.eleusal.com\/wp-content\/uploads\/sites\/27\/2020\/07\/ertong-600x399.png 600w\" sizes=\"auto, (max-width: 849px) 100vw, 849px\" \/>\t<\/div>\n<div class=\"qode-cli-text-holder\">\n\t<div class=\"qode-cli-text-wrapper\">\n\t\t<div class=\"qode-cli-text\">\n\t\t\t<div class=\"qode-cli-top-info\">\n\t\t\t\t<div class=\"qode-ci-price-holder\">\n\t\t\t<span class=\"qode-ci-price-value\">\n          0      <\/span>\n\t<\/div>\n\n\t\t\t\t\t<h5 itemprop=\"name\" class=\"qode-cli-title entry-title\" >\n\t<a itemprop=\"url\" href=\"https:\/\/chengdu-dev.eleusal.com\/es\/course\/taller-de-espanol-para-ninos-de-4-a-7-anos\/\" target=\"_self\">\n\t\tTALLER DE ESPA\u00d1OL PARA NI\u00d1OS DE 4 A 7 A\u00d1OS\t<\/a>\n\t<\/h5>\n\t\t\t\t\t\t\n\t\t\t\t<a itemprop=\"url\" href=\"https:\/\/chengdu-dev.eleusal.com\/es\/instructor\/zhang-xuan\/\" target=\"_self\">\n    <span class=\"qode-instructor-name\">\n       Zhang Xuan    <\/span>\n<\/a>\n\t\t\t\n\t\t\t<\/div>\n\t\t\t\t<p itemprop=\"description\" class=\"qode-cli-excerpt\">Course for foreign students who want to learn Spanish in Pal<\/p>\n\t\t\t<div class=\"qode-cli-bottom-info\">\n\t\t\t\t\t\t\t\t\n\t\t\t\t<div class=\"qode-students-number-holder\">\n\t<span aria-hidden=\"true\" class=\"dripicons-user qode-student-icon\"><\/span>\n\t<span class=\"qode-student-number\">\n        <\/span>\n<\/div>\n\t\t\t<\/div>\n\t\t<\/div>\n\t<\/div>\n<\/div>\t\t<a itemprop=\"url\" class=\"qode-cli-link qode-block-drag-link\" href=\"https:\/\/chengdu-dev.eleusal.com\/es\/course\/taller-de-espanol-para-ninos-de-4-a-7-anos\/\" target=\"_self\"><\/a>\n\t<\/div>\n<\/article><article class=\"qode-cl-item qode-item-space post-1256 course type-course status-publish has-post-thumbnail hentry\"  data-name=cursos-de-conversaci\u00d3n data-date=>\n\t<div class=\"qode-cl-item-inner\">\n\t\t<div class=\"qode-cli-image\">\n\t\t\t<img loading=\"lazy\" decoding=\"async\" width=\"1000\" height=\"667\" src=\"https:\/\/chengdu-dev.eleusal.com\/wp-content\/uploads\/sites\/27\/2020\/07\/KOUYU.jpg\" class=\"attachment-full size-full wp-post-image\" alt=\"\" srcset=\"https:\/\/chengdu-dev.eleusal.com\/wp-content\/uploads\/sites\/27\/2020\/07\/KOUYU.jpg 1000w, https:\/\/chengdu-dev.eleusal.com\/wp-content\/uploads\/sites\/27\/2020\/07\/KOUYU-300x200.jpg 300w, https:\/\/chengdu-dev.eleusal.com\/wp-content\/uploads\/sites\/27\/2020\/07\/KOUYU-768x512.jpg 768w, https:\/\/chengdu-dev.eleusal.com\/wp-content\/uploads\/sites\/27\/2020\/07\/KOUYU-700x467.jpg 700w, https:\/\/chengdu-dev.eleusal.com\/wp-content\/uploads\/sites\/27\/2020\/07\/KOUYU-600x400.jpg 600w\" sizes=\"auto, (max-width: 1000px) 100vw, 1000px\" \/>\t<\/div>\n<div class=\"qode-cli-text-holder\">\n\t<div class=\"qode-cli-text-wrapper\">\n\t\t<div class=\"qode-cli-text\">\n\t\t\t<div class=\"qode-cli-top-info\">\n\t\t\t\t<div class=\"qode-ci-price-holder\">\n\t\t\t<span class=\"qode-ci-price-value\">\n          0      <\/span>\n\t<\/div>\n\n\t\t\t\t\t<h5 itemprop=\"name\" class=\"qode-cli-title entry-title\" >\n\t<a itemprop=\"url\" href=\"https:\/\/chengdu-dev.eleusal.com\/es\/course\/cursos-de-conversacion\/\" target=\"_self\">\n\t\tCURSOS DE CONVERSACI\u00d3N\t<\/a>\n\t<\/h5>\n\t\t\t\t\t\t\n\t\t\t\t<a itemprop=\"url\" href=\"https:\/\/chengdu-dev.eleusal.com\/es\/instructor\/zhangzhenting\/\" target=\"_self\">\n    <span class=\"qode-instructor-name\">\n       Hou Guanghai    <\/span>\n<\/a>\n\t\t\t\n\t\t\t<\/div>\n\t\t\t\t<p itemprop=\"description\" class=\"qode-cli-excerpt\">Course for foreign students who want to learn Spanish in Pal<\/p>\n\t\t\t<div class=\"qode-cli-bottom-info\">\n\t\t\t\t\t\t\t\t\n\t\t\t\t<div class=\"qode-students-number-holder\">\n\t<span aria-hidden=\"true\" class=\"dripicons-user qode-student-icon\"><\/span>\n\t<span class=\"qode-student-number\">\n        <\/span>\n<\/div>\n\t\t\t<\/div>\n\t\t<\/div>\n\t<\/div>\n<\/div>\t\t<a itemprop=\"url\" class=\"qode-cli-link qode-block-drag-link\" href=\"https:\/\/chengdu-dev.eleusal.com\/es\/course\/cursos-de-conversacion\/\" target=\"_self\"><\/a>\n\t<\/div>\n<\/article><article class=\"qode-cl-item qode-item-space post-1263 course type-course status-publish has-post-thumbnail hentry\"  data-name=curso-intensivo-de-500-horas-para-estudiar-en-el-extranjero data-date=>\n\t<div class=\"qode-cl-item-inner\">\n\t\t<div class=\"qode-cli-image\">\n\t\t\t<img loading=\"lazy\" decoding=\"async\" width=\"1500\" height=\"1000\" src=\"https:\/\/chengdu-dev.eleusal.com\/wp-content\/uploads\/sites\/27\/2020\/07\/KE6.jpg\" class=\"attachment-full size-full wp-post-image\" alt=\"\" srcset=\"https:\/\/chengdu-dev.eleusal.com\/wp-content\/uploads\/sites\/27\/2020\/07\/KE6.jpg 1500w, https:\/\/chengdu-dev.eleusal.com\/wp-content\/uploads\/sites\/27\/2020\/07\/KE6-300x200.jpg 300w, https:\/\/chengdu-dev.eleusal.com\/wp-content\/uploads\/sites\/27\/2020\/07\/KE6-1024x683.jpg 1024w, https:\/\/chengdu-dev.eleusal.com\/wp-content\/uploads\/sites\/27\/2020\/07\/KE6-768x512.jpg 768w, https:\/\/chengdu-dev.eleusal.com\/wp-content\/uploads\/sites\/27\/2020\/07\/KE6-700x467.jpg 700w, https:\/\/chengdu-dev.eleusal.com\/wp-content\/uploads\/sites\/27\/2020\/07\/KE6-600x400.jpg 600w\" sizes=\"auto, (max-width: 1500px) 100vw, 1500px\" \/>\t<\/div>\n<div class=\"qode-cli-text-holder\">\n\t<div class=\"qode-cli-text-wrapper\">\n\t\t<div class=\"qode-cli-text\">\n\t\t\t<div class=\"qode-cli-top-info\">\n\t\t\t\t<div class=\"qode-ci-price-holder\">\n\t\t\t<span class=\"qode-ci-price-value\">\n          0      <\/span>\n\t<\/div>\n\n\t\t\t\t\t<h5 itemprop=\"name\" class=\"qode-cli-title entry-title\" >\n\t<a itemprop=\"url\" href=\"https:\/\/chengdu-dev.eleusal.com\/es\/course\/curso-intensivo-de-500-horas-para-estudiar-en-el-extranjero\/\" target=\"_self\">\n\t\tCurso intensivo de 500 horas para estudiar en el extranjero\t<\/a>\n\t<\/h5>\n\t\t\t\t\t\t\n\t\t\t\t<a itemprop=\"url\" href=\"https:\/\/chengdu-dev.eleusal.com\/instructor\/acharaliu\/\" target=\"_self\">\n    <span class=\"qode-instructor-name\">\n       Hou Guanghai    <\/span>\n<\/a>\n\t\t\t\n\t\t\t<\/div>\n\t\t\t\t<p itemprop=\"description\" class=\"qode-cli-excerpt\">Course for foreign students who want to learn Spanish in Pal<\/p>\n\t\t\t<div class=\"qode-cli-bottom-info\">\n\t\t\t\t\t\t\t\t\n\t\t\t\t<div class=\"qode-students-number-holder\">\n\t<span aria-hidden=\"true\" class=\"dripicons-user qode-student-icon\"><\/span>\n\t<span class=\"qode-student-number\">\n        <\/span>\n<\/div>\n\t\t\t<\/div>\n\t\t<\/div>\n\t<\/div>\n<\/div>\t\t<a itemprop=\"url\" class=\"qode-cli-link qode-block-drag-link\" href=\"https:\/\/chengdu-dev.eleusal.com\/es\/course\/curso-intensivo-de-500-horas-para-estudiar-en-el-extranjero\/\" target=\"_self\"><\/a>\n\t<\/div>\n<\/article><article class=\"qode-cl-item qode-item-space post-1266 course type-course status-publish has-post-thumbnail hentry\"  data-name=espa\u00d1ol-nivel-b1 data-date=>\n\t<div class=\"qode-cl-item-inner\">\n\t\t<div class=\"qode-cli-image\">\n\t\t\t<img loading=\"lazy\" decoding=\"async\" width=\"702\" height=\"590\" src=\"https:\/\/chengdu-dev.eleusal.com\/wp-content\/uploads\/sites\/27\/2020\/07\/b1.png\" class=\"attachment-full size-full wp-post-image\" alt=\"\" srcset=\"https:\/\/chengdu-dev.eleusal.com\/wp-content\/uploads\/sites\/27\/2020\/07\/b1.png 702w, https:\/\/chengdu-dev.eleusal.com\/wp-content\/uploads\/sites\/27\/2020\/07\/b1-300x252.png 300w, https:\/\/chengdu-dev.eleusal.com\/wp-content\/uploads\/sites\/27\/2020\/07\/b1-700x588.png 700w, https:\/\/chengdu-dev.eleusal.com\/wp-content\/uploads\/sites\/27\/2020\/07\/b1-600x504.png 600w\" sizes=\"auto, (max-width: 702px) 100vw, 702px\" \/>\t<\/div>\n<div class=\"qode-cli-text-holder\">\n\t<div class=\"qode-cli-text-wrapper\">\n\t\t<div class=\"qode-cli-text\">\n\t\t\t<div class=\"qode-cli-top-info\">\n\t\t\t\t<div class=\"qode-ci-price-holder\">\n\t\t\t<span class=\"qode-ci-price-value\">\n          0      <\/span>\n\t<\/div>\n\n\t\t\t\t\t<h5 itemprop=\"name\" class=\"qode-cli-title entry-title\" >\n\t<a itemprop=\"url\" href=\"https:\/\/chengdu-dev.eleusal.com\/es\/course\/espanol-nivel-b1\/\" target=\"_self\">\n\t\tESPA\u00d1OL NIVEL B1\t<\/a>\n\t<\/h5>\n\t\t\t\t\t\t\n\t\t\t\t<a itemprop=\"url\" href=\"https:\/\/chengdu-dev.eleusal.com\/es\/instructor\/zhangzhenting\/\" target=\"_self\">\n    <span class=\"qode-instructor-name\">\n       Hou Guanghai    <\/span>\n<\/a>\n\t\t\t\n\t\t\t<\/div>\n\t\t\t\t<p itemprop=\"description\" class=\"qode-cli-excerpt\">Course for foreign students who want to learn Spanish in Pal<\/p>\n\t\t\t<div class=\"qode-cli-bottom-info\">\n\t\t\t\t\t\t\t\t\n\t\t\t\t<div class=\"qode-students-number-holder\">\n\t<span aria-hidden=\"true\" class=\"dripicons-user qode-student-icon\"><\/span>\n\t<span class=\"qode-student-number\">\n        <\/span>\n<\/div>\n\t\t\t<\/div>\n\t\t<\/div>\n\t<\/div>\n<\/div>\t\t<a itemprop=\"url\" class=\"qode-cli-link qode-block-drag-link\" href=\"https:\/\/chengdu-dev.eleusal.com\/es\/course\/espanol-nivel-b1\/\" target=\"_self\"><\/a>\n\t<\/div>\n<\/article><article class=\"qode-cl-item qode-item-space post-1268 course type-course status-publish has-post-thumbnail hentry\"  data-name=espa\u00d1ol-nivel-b2 data-date=>\n\t<div class=\"qode-cl-item-inner\">\n\t\t<div class=\"qode-cli-image\">\n\t\t\t<img loading=\"lazy\" decoding=\"async\" width=\"702\" height=\"590\" src=\"https:\/\/chengdu-dev.eleusal.com\/wp-content\/uploads\/sites\/27\/2020\/07\/B2.png\" class=\"attachment-full size-full wp-post-image\" alt=\"\" srcset=\"https:\/\/chengdu-dev.eleusal.com\/wp-content\/uploads\/sites\/27\/2020\/07\/B2.png 702w, https:\/\/chengdu-dev.eleusal.com\/wp-content\/uploads\/sites\/27\/2020\/07\/B2-300x252.png 300w, https:\/\/chengdu-dev.eleusal.com\/wp-content\/uploads\/sites\/27\/2020\/07\/B2-700x588.png 700w, https:\/\/chengdu-dev.eleusal.com\/wp-content\/uploads\/sites\/27\/2020\/07\/B2-600x504.png 600w\" sizes=\"auto, (max-width: 702px) 100vw, 702px\" \/>\t<\/div>\n<div class=\"qode-cli-text-holder\">\n\t<div class=\"qode-cli-text-wrapper\">\n\t\t<div class=\"qode-cli-text\">\n\t\t\t<div class=\"qode-cli-top-info\">\n\t\t\t\t<div class=\"qode-ci-price-holder\">\n\t\t\t<span class=\"qode-ci-price-value\">\n          0      <\/span>\n\t<\/div>\n\n\t\t\t\t\t<h5 itemprop=\"name\" class=\"qode-cli-title entry-title\" >\n\t<a itemprop=\"url\" href=\"https:\/\/chengdu-dev.eleusal.com\/es\/course\/espanol-nivel-b2\/\" target=\"_self\">\n\t\tESPA\u00d1OL NIVEL B2\t<\/a>\n\t<\/h5>\n\t\t\t\t\t\t\n\t\t\t\t<a itemprop=\"url\" href=\"https:\/\/chengdu-dev.eleusal.com\/es\/instructor\/zhangzhenting\/\" target=\"_self\">\n    <span class=\"qode-instructor-name\">\n       Hou Guanghai    <\/span>\n<\/a>\n\t\t\t\n\t\t\t<\/div>\n\t\t\t\t<p itemprop=\"description\" class=\"qode-cli-excerpt\">Course for foreign students who want to learn Spanish in Pal<\/p>\n\t\t\t<div class=\"qode-cli-bottom-info\">\n\t\t\t\t\t\t\t\t\n\t\t\t\t<div class=\"qode-students-number-holder\">\n\t<span aria-hidden=\"true\" class=\"dripicons-user qode-student-icon\"><\/span>\n\t<span class=\"qode-student-number\">\n        <\/span>\n<\/div>\n\t\t\t<\/div>\n\t\t<\/div>\n\t<\/div>\n<\/div>\t\t<a itemprop=\"url\" class=\"qode-cli-link qode-block-drag-link\" href=\"https:\/\/chengdu-dev.eleusal.com\/es\/course\/espanol-nivel-b2\/\" target=\"_self\"><\/a>\n\t<\/div>\n<\/article><article class=\"qode-cl-item qode-item-space post-1272 course type-course status-publish has-post-thumbnail hentry\"  data-name=espa\u00d1ol-nivel-a1 data-date=>\n\t<div class=\"qode-cl-item-inner\">\n\t\t<div class=\"qode-cli-image\">\n\t\t\t<img loading=\"lazy\" decoding=\"async\" width=\"702\" height=\"590\" src=\"https:\/\/chengdu-dev.eleusal.com\/wp-content\/uploads\/sites\/27\/2019\/06\/A1.png\" class=\"attachment-full size-full wp-post-image\" alt=\"\" srcset=\"https:\/\/chengdu-dev.eleusal.com\/wp-content\/uploads\/sites\/27\/2019\/06\/A1.png 702w, https:\/\/chengdu-dev.eleusal.com\/wp-content\/uploads\/sites\/27\/2019\/06\/A1-300x252.png 300w, https:\/\/chengdu-dev.eleusal.com\/wp-content\/uploads\/sites\/27\/2019\/06\/A1-700x588.png 700w, https:\/\/chengdu-dev.eleusal.com\/wp-content\/uploads\/sites\/27\/2019\/06\/A1-600x504.png 600w\" sizes=\"auto, (max-width: 702px) 100vw, 702px\" \/>\t<\/div>\n<div class=\"qode-cli-text-holder\">\n\t<div class=\"qode-cli-text-wrapper\">\n\t\t<div class=\"qode-cli-text\">\n\t\t\t<div class=\"qode-cli-top-info\">\n\t\t\t\t<div class=\"qode-ci-price-holder\">\n\t\t\t<span class=\"qode-ci-price-value\">\n          0      <\/span>\n\t<\/div>\n\n\t\t\t\t\t<h5 itemprop=\"name\" class=\"qode-cli-title entry-title\" >\n\t<a itemprop=\"url\" href=\"https:\/\/chengdu-dev.eleusal.com\/es\/course\/espanol-nivel-a1\/\" target=\"_self\">\n\t\tESPA\u00d1OL NIVEL A1\t<\/a>\n\t<\/h5>\n\t\t\t\t\t\t\n\t\t\t\t<a itemprop=\"url\" href=\"https:\/\/chengdu-dev.eleusal.com\/es\/instructor\/zhang-xuan\/\" target=\"_self\">\n    <span class=\"qode-instructor-name\">\n       Zhang Xuan    <\/span>\n<\/a>\n\t\t\t\n\t\t\t<\/div>\n\t\t\t\t<p itemprop=\"description\" class=\"qode-cli-excerpt\">Course for foreign students who want to learn Spanish in Pal<\/p>\n\t\t\t<div class=\"qode-cli-bottom-info\">\n\t\t\t\t\t\t\t\t\n\t\t\t\t<div class=\"qode-students-number-holder\">\n\t<span aria-hidden=\"true\" class=\"dripicons-user qode-student-icon\"><\/span>\n\t<span class=\"qode-student-number\">\n        <\/span>\n<\/div>\n\t\t\t<\/div>\n\t\t<\/div>\n\t<\/div>\n<\/div>\t\t<a itemprop=\"url\" class=\"qode-cli-link qode-block-drag-link\" href=\"https:\/\/chengdu-dev.eleusal.com\/es\/course\/espanol-nivel-a1\/\" target=\"_self\"><\/a>\n\t<\/div>\n<\/article><article class=\"qode-cl-item qode-item-space post-1275 course type-course status-publish has-post-thumbnail hentry\"  data-name=espa\u00d1ol-nivel-a2 data-date=>\n\t<div class=\"qode-cl-item-inner\">\n\t\t<div class=\"qode-cli-image\">\n\t\t\t<img loading=\"lazy\" decoding=\"async\" width=\"702\" height=\"584\" src=\"https:\/\/chengdu-dev.eleusal.com\/wp-content\/uploads\/sites\/27\/2020\/07\/a2.png\" class=\"attachment-full size-full wp-post-image\" alt=\"\" srcset=\"https:\/\/chengdu-dev.eleusal.com\/wp-content\/uploads\/sites\/27\/2020\/07\/a2.png 702w, https:\/\/chengdu-dev.eleusal.com\/wp-content\/uploads\/sites\/27\/2020\/07\/a2-300x250.png 300w, https:\/\/chengdu-dev.eleusal.com\/wp-content\/uploads\/sites\/27\/2020\/07\/a2-700x582.png 700w, https:\/\/chengdu-dev.eleusal.com\/wp-content\/uploads\/sites\/27\/2020\/07\/a2-600x499.png 600w\" sizes=\"auto, (max-width: 702px) 100vw, 702px\" \/>\t<\/div>\n<div class=\"qode-cli-text-holder\">\n\t<div class=\"qode-cli-text-wrapper\">\n\t\t<div class=\"qode-cli-text\">\n\t\t\t<div class=\"qode-cli-top-info\">\n\t\t\t\t<div class=\"qode-ci-price-holder\">\n\t\t\t<span class=\"qode-ci-price-value\">\n          0      <\/span>\n\t<\/div>\n\n\t\t\t\t\t<h5 itemprop=\"name\" class=\"qode-cli-title entry-title\" >\n\t<a itemprop=\"url\" href=\"https:\/\/chengdu-dev.eleusal.com\/es\/course\/espanol-nivel-a2\/\" target=\"_self\">\n\t\tESPA\u00d1OL NIVEL A2\t<\/a>\n\t<\/h5>\n\t\t\t\t\t\t\n\t\t\t\t<a itemprop=\"url\" href=\"https:\/\/chengdu-dev.eleusal.com\/es\/instructor\/zhang-xuan\/\" target=\"_self\">\n    <span class=\"qode-instructor-name\">\n       Zhang Xuan    <\/span>\n<\/a>\n\t\t\t\n\t\t\t<\/div>\n\t\t\t\t<p itemprop=\"description\" class=\"qode-cli-excerpt\">Course for foreign students who want to learn Spanish in Pal<\/p>\n\t\t\t<div class=\"qode-cli-bottom-info\">\n\t\t\t\t\t\t\t\t\n\t\t\t\t<div class=\"qode-students-number-holder\">\n\t<span aria-hidden=\"true\" class=\"dripicons-user qode-student-icon\"><\/span>\n\t<span class=\"qode-student-number\">\n        <\/span>\n<\/div>\n\t\t\t<\/div>\n\t\t<\/div>\n\t<\/div>\n<\/div>\t\t<a itemprop=\"url\" class=\"qode-cli-link qode-block-drag-link\" href=\"https:\/\/chengdu-dev.eleusal.com\/es\/course\/espanol-nivel-a2\/\" target=\"_self\"><\/a>\n\t<\/div>\n<\/article><article class=\"qode-cl-item qode-item-space post-1279 course type-course status-publish has-post-thumbnail hentry\"  data-name=cursos-de-lengua-y-cultura data-date=>\n\t<div class=\"qode-cl-item-inner\">\n\t\t<div class=\"qode-cli-image\">\n\t\t\t<img loading=\"lazy\" decoding=\"async\" width=\"720\" height=\"405\" src=\"https:\/\/chengdu-dev.eleusal.com\/wp-content\/uploads\/sites\/27\/2019\/07\/kechen2.jpg\" class=\"attachment-full size-full wp-post-image\" alt=\"\" srcset=\"https:\/\/chengdu-dev.eleusal.com\/wp-content\/uploads\/sites\/27\/2019\/07\/kechen2.jpg 720w, https:\/\/chengdu-dev.eleusal.com\/wp-content\/uploads\/sites\/27\/2019\/07\/kechen2-300x169.jpg 300w, https:\/\/chengdu-dev.eleusal.com\/wp-content\/uploads\/sites\/27\/2019\/07\/kechen2-700x394.jpg 700w, https:\/\/chengdu-dev.eleusal.com\/wp-content\/uploads\/sites\/27\/2019\/07\/kechen2-539x303.jpg 539w, https:\/\/chengdu-dev.eleusal.com\/wp-content\/uploads\/sites\/27\/2019\/07\/kechen2-600x338.jpg 600w\" sizes=\"auto, (max-width: 720px) 100vw, 720px\" \/>\t<\/div>\n<div class=\"qode-cli-text-holder\">\n\t<div class=\"qode-cli-text-wrapper\">\n\t\t<div class=\"qode-cli-text\">\n\t\t\t<div class=\"qode-cli-top-info\">\n\t\t\t\t<div class=\"qode-ci-price-holder\">\n\t\t\t<span class=\"qode-ci-price-value\">\n          0      <\/span>\n\t<\/div>\n\n\t\t\t\t\t<h5 itemprop=\"name\" class=\"qode-cli-title entry-title\" >\n\t<a itemprop=\"url\" href=\"https:\/\/chengdu-dev.eleusal.com\/es\/course\/%e8%a5%bf%e7%8f%ad%e7%89%99%e8%af%ad%e8%af%ad%e8%a8%80%e6%96%87%e5%8c%96%e8%af%be%e7%a8%8b\/\" target=\"_self\">\n\t\tCURSOS DE LENGUA Y CULTURA\t<\/a>\n\t<\/h5>\n\t\t\t\t\t\t\n\t\t\t\t<a itemprop=\"url\" href=\"https:\/\/chengdu-dev.eleusal.com\/es\/instructor\/zhangzhenting\/\" target=\"_self\">\n    <span class=\"qode-instructor-name\">\n       Hou Guanghai    <\/span>\n<\/a>\n\t\t\t\n\t\t\t<\/div>\n\t\t\t\t<p itemprop=\"description\" class=\"qode-cli-excerpt\">By Instituto Cervantes on behalf of the Ministry of Educatio<\/p>\n\t\t\t<div class=\"qode-cli-bottom-info\">\n\t\t\t\t\t\t\t\t\n\t\t\t\t<div class=\"qode-students-number-holder\">\n\t<span aria-hidden=\"true\" class=\"dripicons-user qode-student-icon\"><\/span>\n\t<span class=\"qode-student-number\">\n        <\/span>\n<\/div>\n\t\t\t<\/div>\n\t\t<\/div>\n\t<\/div>\n<\/div>\t\t<a itemprop=\"url\" class=\"qode-cli-link qode-block-drag-link\" href=\"https:\/\/chengdu-dev.eleusal.com\/es\/course\/%e8%a5%bf%e7%8f%ad%e7%89%99%e8%af%ad%e8%af%ad%e8%a8%80%e6%96%87%e5%8c%96%e8%af%be%e7%a8%8b\/\" target=\"_self\"><\/a>\n\t<\/div>\n<\/article>\t<\/div>\n\t\n\t<\/div>[vc_empty_space][\/vc_column][\/vc_row]<\/p>\n","protected":false},"excerpt":{"rendered":"<p>[vc_row css_animation=\u00bb\u00bb row_type=\u00bbrow\u00bb use_row_as_full_screen_section=\u00bbno\u00bb type=\u00bbfull_width\u00bb angled_section=\u00bbno\u00bb text_align=\u00bbleft\u00bb background_image_as_pattern=\u00bbwithout_pattern\u00bb][vc_column][vc_empty_space][\/vc_column][\/vc_row]<\/p>\n","protected":false},"author":3,"featured_media":0,"parent":0,"menu_order":0,"comment_status":"closed","ping_status":"closed","template":"","meta":{"footnotes":""},"class_list":["post-726","page","type-page","status-publish","hentry"],"_links":{"self":[{"href":"https:\/\/chengdu-dev.eleusal.com\/es\/wp-json\/wp\/v2\/pages\/726","targetHints":{"allow":["GET"]}}],"collection":[{"href":"https:\/\/chengdu-dev.eleusal.com\/es\/wp-json\/wp\/v2\/pages"}],"about":[{"href":"https:\/\/chengdu-dev.eleusal.com\/es\/wp-json\/wp\/v2\/types\/page"}],"author":[{"embeddable":true,"href":"https:\/\/chengdu-dev.eleusal.com\/es\/wp-json\/wp\/v2\/users\/3"}],"replies":[{"embeddable":true,"href":"https:\/\/chengdu-dev.eleusal.com\/es\/wp-json\/wp\/v2\/comments?post=726"}],"version-history":[{"count":9,"href":"https:\/\/chengdu-dev.eleusal.com\/es\/wp-json\/wp\/v2\/pages\/726\/revisions"}],"predecessor-version":[{"id":1009,"href":"https:\/\/chengdu-dev.eleusal.com\/es\/wp-json\/wp\/v2\/pages\/726\/revisions\/1009"}],"wp:attachment":[{"href":"https:\/\/chengdu-dev.eleusal.com\/es\/wp-json\/wp\/v2\/media?parent=726"}],"curies":[{"name":"wp","href":"https:\/\/api.w.org\/{rel}","templated":true}]}}